{"id":2344,"date":"2025-02-05T22:14:52","date_gmt":"2025-02-05T20:14:52","guid":{"rendered":"http:\/\/www.cycle-innovate.de\/?page_id=2344"},"modified":"2025-02-06T01:17:51","modified_gmt":"2025-02-05T23:17:51","slug":"b2b","status":"publish","type":"page","link":"http:\/\/www.cycle-innovate.de\/?page_id=2344","title":{"rendered":"B2B &#8211; FittingSysteme"},"content":{"rendered":"\n<p>Fittingsysteme f\u00fcr Sportinstitutionen, Fahrradl\u00e4den und privaten Bedarf.<\/p>\n\n\n\n<p>Unsere Fittingsysteme k\u00f6nnen auf Anfrage getestet und erworben werden. Sprecht uns einfach an oder schreibt uns eine Mail.<\/p>\n\n\n\n<p><\/p>\n\n\n\n<figure class=\"wp-block-gallery has-nested-images columns-default is-cropped wp-block-gallery-1 is-layout-flex wp-block-gallery-is-layout-flex\">\n<figure class=\"wp-block-image size-large\"><a href=\"http:\/\/www.cycle-innovate.de\/wp-content\/uploads\/2025\/02\/Bildschirmfoto-2025-02-06-um-00.09.46.png\"><img loading=\"lazy\" decoding=\"async\" width=\"829\" height=\"1024\" data-id=\"2373\" src=\"http:\/\/www.cycle-innovate.de\/wp-content\/uploads\/2025\/02\/Bildschirmfoto-2025-02-06-um-00.09.46-829x1024.png\" alt=\"\" class=\"wp-image-2373\" srcset=\"http:\/\/www.cycle-innovate.de\/wp-content\/uploads\/2025\/02\/Bildschirmfoto-2025-02-06-um-00.09.46-829x1024.png 829w, http:\/\/www.cycle-innovate.de\/wp-content\/uploads\/2025\/02\/Bildschirmfoto-2025-02-06-um-00.09.46-243x300.png 243w, http:\/\/www.cycle-innovate.de\/wp-content\/uploads\/2025\/02\/Bildschirmfoto-2025-02-06-um-00.09.46-768x949.png 768w, http:\/\/www.cycle-innovate.de\/wp-content\/uploads\/2025\/02\/Bildschirmfoto-2025-02-06-um-00.09.46-1243x1536.png 1243w, http:\/\/www.cycle-innovate.de\/wp-content\/uploads\/2025\/02\/Bildschirmfoto-2025-02-06-um-00.09.46-1657x2048.png 1657w, http:\/\/www.cycle-innovate.de\/wp-content\/uploads\/2025\/02\/Bildschirmfoto-2025-02-06-um-00.09.46.png 2028w\" sizes=\"(max-width: 829px) 100vw, 829px\" \/><\/a><\/figure>\n\n\n\n<figure class=\"wp-block-image size-large\"><a href=\"http:\/\/www.cycle-innovate.de\/wp-content\/uploads\/2019\/12\/fullsizeoutput_d0f.jpeg\"><img loading=\"lazy\" decoding=\"async\" width=\"1024\" height=\"856\" data-id=\"2246\" src=\"http:\/\/www.cycle-innovate.de\/wp-content\/uploads\/2019\/12\/fullsizeoutput_d0f-1024x856.jpeg\" alt=\"\" class=\"wp-image-2246\" srcset=\"http:\/\/www.cycle-innovate.de\/wp-content\/uploads\/2019\/12\/fullsizeoutput_d0f-1024x856.jpeg 1024w, http:\/\/www.cycle-innovate.de\/wp-content\/uploads\/2019\/12\/fullsizeoutput_d0f-300x251.jpeg 300w, http:\/\/www.cycle-innovate.de\/wp-content\/uploads\/2019\/12\/fullsizeoutput_d0f-768x642.jpeg 768w, http:\/\/www.cycle-innovate.de\/wp-content\/uploads\/2019\/12\/fullsizeoutput_d0f.jpeg 2017w\" sizes=\"(max-width: 1024px) 100vw, 1024px\" \/><\/a><figcaption class=\"wp-element-caption\">CP 3.0 im Cannonade Concept Store Potsdam<\/figcaption><\/figure>\n\n\n\n<figure class=\"wp-block-image size-large\"><a href=\"http:\/\/www.cycle-innovate.de\/wp-content\/uploads\/2019\/10\/IMG_1942-e1571860255548.jpg\"><img loading=\"lazy\" decoding=\"async\" width=\"866\" height=\"1024\" data-id=\"2212\" src=\"http:\/\/www.cycle-innovate.de\/wp-content\/uploads\/2019\/10\/IMG_1942-e1571860255548-866x1024.jpg\" alt=\"\" class=\"wp-image-2212\" srcset=\"http:\/\/www.cycle-innovate.de\/wp-content\/uploads\/2019\/10\/IMG_1942-e1571860255548-866x1024.jpg 866w, http:\/\/www.cycle-innovate.de\/wp-content\/uploads\/2019\/10\/IMG_1942-e1571860255548-254x300.jpg 254w, http:\/\/www.cycle-innovate.de\/wp-content\/uploads\/2019\/10\/IMG_1942-e1571860255548-768x908.jpg 768w\" sizes=\"(max-width: 866px) 100vw, 866px\" \/><\/a><\/figure>\n\n\n\n<figure class=\"wp-block-image size-large\"><a href=\"http:\/\/www.cycle-innovate.de\/wp-content\/uploads\/2020\/02\/fullsizeoutput_1077.jpeg\"><img loading=\"lazy\" decoding=\"async\" width=\"810\" height=\"1024\" data-id=\"2265\" src=\"http:\/\/www.cycle-innovate.de\/wp-content\/uploads\/2020\/02\/fullsizeoutput_1077-810x1024.jpeg\" alt=\"\" class=\"wp-image-2265\" srcset=\"http:\/\/www.cycle-innovate.de\/wp-content\/uploads\/2020\/02\/fullsizeoutput_1077-810x1024.jpeg 810w, http:\/\/www.cycle-innovate.de\/wp-content\/uploads\/2020\/02\/fullsizeoutput_1077-237x300.jpeg 237w, http:\/\/www.cycle-innovate.de\/wp-content\/uploads\/2020\/02\/fullsizeoutput_1077-768x971.jpeg 768w\" sizes=\"(max-width: 810px) 100vw, 810px\" \/><\/a><\/figure>\n\n\n\n<figure class=\"wp-block-image size-large\"><a href=\"http:\/\/www.cycle-innovate.de\/wp-content\/uploads\/2019\/12\/fullsizeoutput_d0a.jpeg\"><img loading=\"lazy\" decoding=\"async\" width=\"1024\" height=\"768\" data-id=\"2240\" src=\"http:\/\/www.cycle-innovate.de\/wp-content\/uploads\/2019\/12\/fullsizeoutput_d0a-1024x768.jpeg\" alt=\"\" class=\"wp-image-2240\" srcset=\"http:\/\/www.cycle-innovate.de\/wp-content\/uploads\/2019\/12\/fullsizeoutput_d0a-1024x768.jpeg 1024w, http:\/\/www.cycle-innovate.de\/wp-content\/uploads\/2019\/12\/fullsizeoutput_d0a-300x225.jpeg 300w, http:\/\/www.cycle-innovate.de\/wp-content\/uploads\/2019\/12\/fullsizeoutput_d0a-768x576.jpeg 768w\" sizes=\"(max-width: 1024px) 100vw, 1024px\" \/><\/a><figcaption class=\"wp-element-caption\">Kanutin der Olympischen Spiele von London und Sydney<\/figcaption><\/figure>\n\n\n\n<figure class=\"wp-block-image size-large\"><a href=\"http:\/\/www.cycle-innovate.de\/wp-content\/uploads\/2018\/07\/Bildschirmfoto-2018-07-11-um-23.10.03.png\"><img loading=\"lazy\" decoding=\"async\" width=\"1024\" height=\"640\" data-id=\"1869\" src=\"http:\/\/www.cycle-innovate.de\/wp-content\/uploads\/2018\/07\/Bildschirmfoto-2018-07-11-um-23.10.03-1024x640.png\" alt=\"\" class=\"wp-image-1869\" srcset=\"http:\/\/www.cycle-innovate.de\/wp-content\/uploads\/2018\/07\/Bildschirmfoto-2018-07-11-um-23.10.03-1024x640.png 1024w, http:\/\/www.cycle-innovate.de\/wp-content\/uploads\/2018\/07\/Bildschirmfoto-2018-07-11-um-23.10.03-300x188.png 300w, http:\/\/www.cycle-innovate.de\/wp-content\/uploads\/2018\/07\/Bildschirmfoto-2018-07-11-um-23.10.03-768x480.png 768w, http:\/\/www.cycle-innovate.de\/wp-content\/uploads\/2018\/07\/Bildschirmfoto-2018-07-11-um-23.10.03.png 1440w\" sizes=\"(max-width: 1024px) 100vw, 1024px\" \/><\/a><\/figure>\n\n\n\n<figure class=\"wp-block-image size-large\"><a href=\"http:\/\/www.cycle-innovate.de\/wp-content\/uploads\/2016\/03\/DSC_3273.jpg\"><img loading=\"lazy\" decoding=\"async\" width=\"1024\" height=\"684\" data-id=\"1737\" src=\"http:\/\/www.cycle-innovate.de\/wp-content\/uploads\/2016\/03\/DSC_3273-1024x684.jpg\" alt=\"\" class=\"wp-image-1737\" srcset=\"http:\/\/www.cycle-innovate.de\/wp-content\/uploads\/2016\/03\/DSC_3273-1024x684.jpg 1024w, http:\/\/www.cycle-innovate.de\/wp-content\/uploads\/2016\/03\/DSC_3273-300x200.jpg 300w, http:\/\/www.cycle-innovate.de\/wp-content\/uploads\/2016\/03\/DSC_3273-768x513.jpg 768w\" sizes=\"(max-width: 1024px) 100vw, 1024px\" \/><\/a><\/figure>\n\n\n\n<figure class=\"wp-block-image size-large\"><a href=\"http:\/\/www.cycle-innovate.de\/wp-content\/uploads\/2015\/11\/IMG-20150619-WA0006.jpg\"><img loading=\"lazy\" decoding=\"async\" width=\"768\" height=\"1024\" data-id=\"1234\" src=\"http:\/\/www.cycle-innovate.de\/wp-content\/uploads\/2015\/11\/IMG-20150619-WA0006-768x1024.jpg\" alt=\"\" class=\"wp-image-1234\" srcset=\"http:\/\/www.cycle-innovate.de\/wp-content\/uploads\/2015\/11\/IMG-20150619-WA0006-768x1024.jpg 768w, http:\/\/www.cycle-innovate.de\/wp-content\/uploads\/2015\/11\/IMG-20150619-WA0006-225x300.jpg 225w, http:\/\/www.cycle-innovate.de\/wp-content\/uploads\/2015\/11\/IMG-20150619-WA0006.jpg 960w\" sizes=\"(max-width: 768px) 100vw, 768px\" \/><\/a><\/figure>\n\n\n\n<figure class=\"wp-block-image size-large\"><a href=\"http:\/\/www.cycle-innovate.de\/wp-content\/uploads\/2014\/12\/Maschine.jpg\"><img decoding=\"async\" data-id=\"1255\" src=\"http:\/\/www.cycle-innovate.de\/wp-content\/uploads\/2014\/12\/Maschine.jpg\" alt=\"\" class=\"wp-image-1255\"\/><\/a><\/figure>\n\n\n\n<figure class=\"wp-block-image size-large\"><a href=\"http:\/\/www.cycle-innovate.de\/wp-content\/uploads\/2013\/08\/IMG_0431.jpg\"><img loading=\"lazy\" decoding=\"async\" width=\"1024\" height=\"768\" data-id=\"1265\" src=\"http:\/\/www.cycle-innovate.de\/wp-content\/uploads\/2013\/08\/IMG_0431-1024x768.jpg\" alt=\"\" class=\"wp-image-1265\" srcset=\"http:\/\/www.cycle-innovate.de\/wp-content\/uploads\/2013\/08\/IMG_0431-1024x768.jpg 1024w, http:\/\/www.cycle-innovate.de\/wp-content\/uploads\/2013\/08\/IMG_0431-300x225.jpg 300w\" sizes=\"(max-width: 1024px) 100vw, 1024px\" \/><\/a><\/figure>\n\n\n\n<figure class=\"wp-block-image size-large\"><a href=\"http:\/\/www.cycle-innovate.de\/wp-content\/uploads\/2014\/12\/IMG_20150129_174033.jpg\"><img loading=\"lazy\" decoding=\"async\" width=\"791\" height=\"1024\" data-id=\"1253\" src=\"http:\/\/www.cycle-innovate.de\/wp-content\/uploads\/2014\/12\/IMG_20150129_174033-791x1024.jpg\" alt=\"\" class=\"wp-image-1253\" srcset=\"http:\/\/www.cycle-innovate.de\/wp-content\/uploads\/2014\/12\/IMG_20150129_174033-791x1024.jpg 791w, http:\/\/www.cycle-innovate.de\/wp-content\/uploads\/2014\/12\/IMG_20150129_174033-231x300.jpg 231w, http:\/\/www.cycle-innovate.de\/wp-content\/uploads\/2014\/12\/IMG_20150129_174033.jpg 1810w\" sizes=\"(max-width: 791px) 100vw, 791px\" \/><\/a><\/figure>\n<\/figure>\n","protected":false},"excerpt":{"rendered":"<p>Fittingsysteme f\u00fcr Sportinstitutionen, Fahrradl\u00e4den und privaten Bedarf. Unsere Fittingsysteme k\u00f6nnen auf Anfrage getestet und erworben werden. Sprecht uns einfach an oder schreibt uns eine Mail.<\/p>\n","protected":false},"author":1,"featured_media":0,"parent":0,"menu_order":0,"comment_status":"closed","ping_status":"closed","template":"","meta":{"spay_email":"","footnotes":""},"class_list":["post-2344","page","type-page","status-publish","hentry"],"_links":{"self":[{"href":"http:\/\/www.cycle-innovate.de\/index.php?rest_route=\/wp\/v2\/pages\/2344"}],"collection":[{"href":"http:\/\/www.cycle-innovate.de\/index.php?rest_route=\/wp\/v2\/pages"}],"about":[{"href":"http:\/\/www.cycle-innovate.de\/index.php?rest_route=\/wp\/v2\/types\/page"}],"author":[{"embeddable":true,"href":"http:\/\/www.cycle-innovate.de\/index.php?rest_route=\/wp\/v2\/users\/1"}],"replies":[{"embeddable":true,"href":"http:\/\/www.cycle-innovate.de\/index.php?rest_route=%2Fwp%2Fv2%2Fcomments&post=2344"}],"version-history":[{"count":9,"href":"http:\/\/www.cycle-innovate.de\/index.php?rest_route=\/wp\/v2\/pages\/2344\/revisions"}],"predecessor-version":[{"id":2376,"href":"http:\/\/www.cycle-innovate.de\/index.php?rest_route=\/wp\/v2\/pages\/2344\/revisions\/2376"}],"wp:attachment":[{"href":"http:\/\/www.cycle-innovate.de\/index.php?rest_route=%2Fwp%2Fv2%2Fmedia&parent=2344"}],"curies":[{"name":"wp","href":"https:\/\/api.w.org\/{rel}","templated":true}]}}